{"id":3057,"date":"2023-07-16T11:35:45","date_gmt":"2023-07-16T10:35:45","guid":{"rendered":"https:\/\/workshop.spine-biomechanics.com\/2023\/?page_id=3057"},"modified":"2024-11-05T11:16:44","modified_gmt":"2024-11-05T10:16:44","slug":"program","status":"publish","type":"page","link":"https:\/\/workshop.spine-biomechanics.com\/2023\/program\/","title":{"rendered":"Program"},"content":{"rendered":"\n<h1>4<sup>th<\/sup> Workshop 2023 topics<\/h1>\n\n<div class=\"su-row\"><div class=\"su-column su-column-size-3-4\"><div class=\"su-column-inner su-u-clearfix su-u-trim\">\n<div class=\"su-spoiler su-spoiler-style-default su-spoiler-icon-plus su-spoiler-closed\" data-anchor=\"session-1\" data-scroll-offset=\"0\" data-anchor-in-url=\"no\"><div class=\"su-spoiler-title\" tabindex=\"0\" role=\"button\"><span class=\"su-spoiler-icon\"><\/span>Session 1: Intervertebral Disc Tissue Mechanics<\/div><div class=\"su-spoiler-content su-u-clearfix su-u-trim\">\n<h4>Moderators: Judith Meakin, Nicolas Newell<\/h4>\n<ul>\n\t<li>&#8220;The effect of enzymatic denaturation vs. excessive fatigue loading degeneration on the time-dependent responses of the intervertebral disc&#8221; by Kinda Khalaf (Abu Dhabi, UAE)<\/li>\n\t<li>&#8220;A model of intervertebral disc degeneration using combined cyclic overloading and enzyme digestion&#8221; by Timothy Holsgrove (Exeter, UK)<\/li>\n\t<li>&#8220;Contribution of the nucleus pulposus to viscoelastic recovery of the intervertebral disc&#8221; by Kay Raftery (Guildford, UK)<\/li>\n\t<li>&#8220;Acute effects of stab lesion on mechanical properties of the L4\/L5 intervertebral disc in the rat&#8221; by Fangxin Xiao (Amsterdam, The Netherlands)<\/li>\n\t<li>&#8220;Load informed kinematic evaluation (LIKE) protocols for the simulation of daily activities in the intervertebral disc (IVD)&#8221; by Daniela Lazaro Pacheco (Exeter, UK)<\/li>\n<\/ul>\n<\/div><\/div>\n\n<div class=\"su-column su-column-size-3-4\"><div class=\"su-column-inner su-u-clearfix su-u-trim\"><\/div><\/div>\n<div class=\"su-spoiler su-spoiler-style-default su-spoiler-icon-plus su-spoiler-closed\" data-anchor=\"session-2\" data-scroll-offset=\"0\" data-anchor-in-url=\"no\"><div class=\"su-spoiler-title\" tabindex=\"0\" role=\"button\"><span class=\"su-spoiler-icon\"><\/span>Session 2: Session 2: Motion Segments - Load Sharing<\/div><div class=\"su-spoiler-content su-u-clearfix su-u-trim\">\n<h4>Moderators: Fabio Galbusera, Luigi La Barbera<\/h4>\n<ul>\n\t<li>&#8220;Biomechanical responses of adjacent segments post lumbar fusion surgery for osteoporotic patients: the effect of cement-augmentation&#8221; by Kinda Khalaf (Abu Dhabi, UAE)<\/li>\n\t<li>&#8220;Numerical investigation of healing process in ovine lumbar spine after nucleotomy&#8221; by Maxim Bashkuev (Magdeburg, Germany)<\/li>\n\t<li>&#8220;The influence of intervertebral disc geometry on spinal motion segment stiffness: a human 9.4T MRI study&#8221; by Nicolas Newell (London, UK)<\/li>\n\t<li>&#8220;Decreasing spinal implant load indicates progression of posterolateral fusion when measured continuously &#8211; in vivo proof of concept in sheep&#8221; by Maximilian Heumann (Davos, Switzerland)<\/li>\n\t<li>&#8220;Biomechanical alterations after spinal fusion treatment and their relation to cage subsidence&#8221; by Siddarth Ananth Swaminathan (Berlin, Germany)<\/li>\n\t<li>&#8220;In-silico modelling of the sacroiliac joints is sensitive to ligament pre-tension&#8221; by Mark Heyland (Berlin, Germany)<\/li>\n\t<li>&#8220;Multilevel contribution of passive structures in the spine &#8211; a cadaveric stepwise reduction study on the torso&#8221; by Moritz Jokeit (Zurich, Switzerland)<\/li>\n<\/ul>\n<\/div><\/div>\n\n<div class=\"su-column su-column-size-3-4\"><div class=\"su-column-inner su-u-clearfix su-u-trim\"><\/div><\/div>\n<div class=\"su-spoiler su-spoiler-style-default su-spoiler-icon-plus su-spoiler-closed\" data-anchor=\"session-3\" data-scroll-offset=\"0\" data-anchor-in-url=\"no\"><div class=\"su-spoiler-title\" tabindex=\"0\" role=\"button\"><span class=\"su-spoiler-icon\"><\/span>Session 3: Lumbar Spine - Shape and Kinematics <\/div><div class=\"su-spoiler-content su-u-clearfix su-u-trim\">\n<h4>Moderators: Jaap van Die\u00ebn, Hendrik Schmidt<\/h4>\n<ul>\n\t<li>&#8220;Trunk postures of surgical staff during surgical procedures measured using inertial measurement units&#8221; by Idsart Kingma (Amsterdam, The Netherlands)<\/li>\n\t<li>&#8220;Investigating concurrent validity of inertial sensors to evaluate multiplanar spine movement&#8221; by Kristen Beange (Ottawa, Canada)<\/li>\n\t<li>&#8220;Dynamic assessment of spine movement patterns using an RGB-D camera and deep learning&#8221; by Ryan Graham (Ottawa, Canada)<\/li>\n\t<li>&#8220;Comprehensive assessment of global spinal sagittal alignment and related normal spinal loads in a healthy population&#8221; by Florian Rieger (Zurich, Switzerland)<\/li>\n\t<li>&#8220;Effect of personalized spinal profile on biomechanical response in an EMG-assisted optimization musculoskeletal model of the trunk&#8221; by Christian Larivi\u00e8re (Montr\u00e9al, Canada)<\/li>\n\t<li>&#8220;Is the healthy range of sagittal spinal curvature optimal for biomechanical loading? A finite element study&#8221; by Brittany Stott (Montr\u00e9al, Canada)<\/li>\n<\/ul>\n<\/div><\/div>\n\n<div class=\"su-column su-column-size-3-4\"><div class=\"su-column-inner su-u-clearfix su-u-trim\"><\/div><\/div>\n<div class=\"su-spoiler su-spoiler-style-default su-spoiler-icon-plus su-spoiler-closed\" data-anchor=\"session-4\" data-scroll-offset=\"0\" data-anchor-in-url=\"no\"><div class=\"su-spoiler-title\" tabindex=\"0\" role=\"button\"><span class=\"su-spoiler-icon\"><\/span>Session 4: Spinal Loads I - Effects of Load, Posture, Exoskeleton and Belt<\/div><div class=\"su-spoiler-content su-u-clearfix su-u-trim\">\n<h4>Moderators: <\/h4>\n<ul>\n\t<li>&#8220;The effect of a soft active exosuit on extensor muscle forces during lifting tasks determined by musculoskeletal models&#8221; by Dennis Anderson (Boston, USA)<\/li>\n\t<li>&#8220;Comparison of different back-supporting exoskeletons regarding musculoskeletal loading&#8221; by Jasper Johns (Sankt Augustin, Germany)<\/li>\n\t<li>&#8220;Numerical investigation of intra-abdominal pressure and spinal load-sharing upon the application of an abdominal belt&#8221; by Emeric Bernier (Montr\u00e9al, Canada)<\/li>\n\t<li>&#8220;Effect of obesity on spinal loads during load-handling activities; a subject- and kinematics-specific musculoskeletal modeling approach&#8221; by Marwan El-Rich (Abu Dhabi, UAE)<\/li>\n\t<li>&#8220;In vivo load on knee, hip, and spine during manual materials handling with two lifting techniques&#8221; by Philipp Damm (Berlin, Germany)<\/li>\n\t<li>&#8220;Lumbar spine loads in repetition-to-failure deadlifts, with and without body armor&#8221; by Vanessa Ramirez (Natick, USA)<\/li> \n<\/ul>\n<\/div><\/div>\n\n<div class=\"su-column su-column-size-3-4\"><div class=\"su-column-inner su-u-clearfix su-u-trim\"><\/div><\/div>\n<div class=\"su-spoiler su-spoiler-style-default su-spoiler-icon-plus su-spoiler-closed\" data-anchor=\"session-5\" data-scroll-offset=\"0\" data-anchor-in-url=\"no\"><div class=\"su-spoiler-title\" tabindex=\"0\" role=\"button\"><span class=\"su-spoiler-icon\"><\/span>Session 5: Spinal Loads II - Novel Technologies<\/div><div class=\"su-spoiler-content su-u-clearfix su-u-trim\">\n<h4>Moderators: <\/h4>\n<ul>\n\t<li>&#8220;Integrating novel technologies for spine biomechanics: opportunities and challenges&#8221; by Farshid Ghezelbash (Montr\u00e9al, Canada)<\/li>\n\t<li>&#8220;Estimations of spinal loads using musculoskeletal models driven by measured or neural-network predicted postures during dynamic lifting activities&#8221; by Navid Arjmand (Tehran, Iran)<\/li>\n\t<li>&#8220;Development of an integrated spine biomechanics framework combining in-vivo, in-silico and in-vitro methods&#8221; by Isabelle Ebisch (Exeter, UK)<\/li>\n\t<li>&#8220;A pipeline for automated generation of individualized musculoskeletal spine models reveals substantial differences in spinal loading depending on curvature in large patient cohorts&#8221; by Tanja Lerchl (Garching, Germany)<\/li>\n\t<li>&#8220;Assessment of a fully-parametric thoraco-lumbar spine model with articulated ribcage&#8221; by Luigi La Barbera (Milan, Italy)<\/li>\n<\/ul>\n<\/div><\/div>\n\n<div class=\"su-column su-column-size-3-4\"><div class=\"su-column-inner su-u-clearfix su-u-trim\"><\/div><\/div>\n<div class=\"su-spoiler su-spoiler-style-default su-spoiler-icon-plus su-spoiler-closed\" data-anchor=\"session-6\" data-scroll-offset=\"0\" data-anchor-in-url=\"no\"><div class=\"su-spoiler-title\" tabindex=\"0\" role=\"button\"><span class=\"su-spoiler-icon\"><\/span>Session 6: Spinal Loads III - Scoliosis \/ Pain<\/div><div class=\"su-spoiler-content su-u-clearfix su-u-trim\">\n<h4>Moderators: Saeed A. Shirazi-Adl, Marwan El-Rich<\/h4>\n<ul>\n\t<li>&#8220;Estimating trunk muscle forces in adolescent idiopathic scoliosis patients during functional activities: a personalized experimentally controlled musculoskeletal modeling approach&#8221; by Stefan Schmid (Bern, Switzerland)<\/li>\n\t<li>&#8220;Asymmetry of trunk muscle activation in adolescent idiopathic scoliosis during the simulation of forward flexion by musculoskeletal modelling&#8221; by Tito Bassani (Milan, Italy)<\/li>\n\t<li>&#8220;Does low back pain influence spinal loads during waking in persons with unilateral transtibial amputation?&#8221; by Courtney Butowicz (Bethesda, USA)<\/li>\n\t<li>&#8220;Effect of low back pain on the biomechanical kinetics\/kinematics of the lumbar spine; a combined in vivo and in silico investigation&#8221; by Ali Firouzabadi (Berlin, Germany)<\/li>\n\t<li>&#8220;On lumbar loading during dynamic flexion and return to the standing posture. effect of lumbo-pelvic rhythm and the range of motion in different age and sex groups&#8221; by Rizwan Arshad (Kingston, Canada)<\/li>\n<\/ul>\n<\/div><\/div>\n\n<div class=\"su-column su-column-size-3-4\"><div class=\"su-column-inner su-u-clearfix su-u-trim\"><\/div><\/div>\n<div class=\"su-spoiler su-spoiler-style-default su-spoiler-icon-plus su-spoiler-closed\" data-anchor=\"session-7\" data-scroll-offset=\"0\" data-anchor-in-url=\"no\"><div class=\"su-spoiler-title\" tabindex=\"0\" role=\"button\"><span class=\"su-spoiler-icon\"><\/span>Session 7: Spinal Loads IV - Validation \/ Sensitivity \/ Developments<\/div><div class=\"su-spoiler-content su-u-clearfix su-u-trim\">\n<h4>Moderators: Navid Arjmand, Dennis Anderson<\/h4>\n<ul>\n\t<li>&#8220;Accuracy of AnyBody Modeling System in predicting ground reaction forces and centers of pressure in lifting activities and effect of the prediction errors on spinal loads&#8221; by Marwan El-Rich (Abu Dhabi, UAE)<\/li>\n\t<li>&#8220;Comparison of the loads at L4-L5 predicted by the AnyBody and OpenSim full musculoskeletal models&#8221; by Fabio Galbusera (Zurich, Switzerland)<\/li>\n\t<li>&#8220;Validity of evaluating dynamic spine loads without participant-specific measured kinematics&#8221; by Dennis Anderson (Boston, USA)<\/li>\n\t<li>&#8220;Variation in cervical spine loads during isometric extension in a neutral posture&#8221; by Rizwan Arshad (Kingston, Canada)<\/li>\n\t<li>&#8220;Integrated subject-specific Finite Element Musculoskeletal Model of trunk with ergonomic and clinical applications&#8221; by Saeed A. Shirazi-Adl (Montr\u00e9al, Canada)<\/li>\n\t<li>&#8220;On the use of normalisation for group-level analysis of spine loads&#8221; by Samuel Howarth (Toronto, Canada)<\/li>\n<\/ul>\n<\/div><\/div>\n\n<div class=\"su-column su-column-size-3-4\"><div class=\"su-column-inner su-u-clearfix su-u-trim\"><\/div><\/div>\n<div class=\"su-spoiler su-spoiler-style-default su-spoiler-icon-plus su-spoiler-closed\" data-anchor=\"session-8\" data-scroll-offset=\"0\" data-anchor-in-url=\"no\"><div class=\"su-spoiler-title\" tabindex=\"0\" role=\"button\"><span class=\"su-spoiler-icon\"><\/span>Session 8: Poster Session<\/div><div class=\"su-spoiler-content su-u-clearfix su-u-trim\">\n<h4>Moderators: Saeed A. Shirazi-Adl, Idsart Kingma, Hendrik Schmidt<\/h4>\n<ul>\n\t<li>&#8220;Degenerative changes in biomechanics, gene expression, and composition of intervertebral disc: 8 week animal study&#8221; by Yalda Alibeigian (Tehran, Iran)<\/li>\n\t<li>&#8220;Spine loading in male and female during dynamic flexion and return to the standing posture&#8221; by Rizwan Arshad (Kingston, Canada)<\/li>\n\t<li>&#8220;Segmentation of vertebrae in MRI data of the German National Cohort&#8221; by Cagdas Aslan (Berlin, Germany)<\/li>\n\t<li>&#8220;Analysis of the degree of mechanical wear in the transpedicular stabilization of the spine&#8221; by Ma\u0142gorzata \u017bak (Wroc\u0142aw, Poland)<\/li>\n\t<li>&#8220;The impact of velocity and motion planes on lumbar time-varying muscle synergies during trunk flexion&#8221; by Mehrdad Davoudi (Heidelberg, Germany)<\/li>\n\t<li>&#8220;Pure bending stiffness in a fully 3D printed L1-S1 lumbar spine model&#8221; by Siril Teja Dukkipati (Montreal, Canada)<\/li>\n\t<li>&#8220;Pullout strength of thoracic spine pedicle screws inserted by freehand or patient-specific drill guides; a finite element analysis&#8221; by Fahimeh Hosseini (Tehran, Iran)<\/li>\n\t<li>&#8220;Effect of upper body mass distribution and thorax flexibility on spinal loads prediction in upright and flexed posture using personalized musculoskeletal models&#8221; by Abdul Aziz Vaqar Hulleck (Abu Dhabi, UAE)<\/li>\n\t<li>&#8220;Body mass distribution along the spine affects biomechanics of spinal sagittal alignment&#8221; by Dominika Ignasiak (Zurich, Switzerland)<\/li>\n\t<li>&#8220;Mechanical testing of lumbar cadaveric muscle and thoracolumbar fascia suggests evidence towards physiological stress shielding of musculoskeletal soft tissues&#8221; by Emily Newell (Montreal, Canada)<\/li>\n\t<li>&#8220;Coupled MBS and FEM models of the lumbar spine &#8211; unidirectional vs. bidirectional co-simulation&#8221; by Kati Nispel (Munich, Germany)<\/li>\n\t<li>&#8220;Methods of evaluating mechanical parameters and the stability of the cervical interbody fusion cage&#8221; by Celina Pezowicz (Wroclaw, Poland)<\/li>\n\t<li>&#8220;Biomechanical simulation of the upper body in different sitting positions&#8221; by Maximilian Praster (Aachen, Germany)<\/li>\n\t<li>&#8220;How can we capture back health? Association between self-reported and objectively measured back health among sedentary office workers&#8221; by Antje Reschke (Potsdam, Germany)<\/li>\n\t<li>&#8220;Effect of DLC coating of growth-guidance system implants on changes in mechanical and kinematic properties of the spine&#8221; by Sylwia Szotek (Wroc\u0142aw, Poland)<\/li>\n\t<li>&#8220;Comparison of load-sharing and axis of rotation in generic and individualised neuro-musculoskeletal models of the spine&#8221; by Robert Rockenfeller (Koblenz, Germany)<\/li>\n<\/ul>\n<\/div><\/div>\n\n<div class=\"su-column su-column-size-3-4\"><div class=\"su-column-inner su-u-clearfix su-u-trim\"><\/div><\/div>\n<div class=\"su-spoiler su-spoiler-style-default su-spoiler-icon-plus su-spoiler-closed\" data-anchor=\"session-9\" data-scroll-offset=\"0\" data-anchor-in-url=\"no\"><div class=\"su-spoiler-title\" tabindex=\"0\" role=\"button\"><span class=\"su-spoiler-icon\"><\/span>Session 9: Trunk Stabilization and Control \/ Muscle Mechanics<\/div><div class=\"su-spoiler-content su-u-clearfix su-u-trim\">\n<h4>Moderators: Saeed A. Shirazi-Adl, Farshid Ghezelbash<\/h4>\n<ul>\n\t<li>&#8220;Comparative evaluation of different spinal stability metrics&#8221; by Amir Eskandari (Burnaby, Canada)<\/li>\n\t<li>&#8220;Low-back pain and associated anxiety may increase the gain but reduce the precision of feedback in control of trunk posture and movement&#8221; by Jaap van Die\u00ebn (Amsterdam, The Netherlands)<\/li>\n\t<li>&#8220;Can intermittent changes in muscle length delay back muscle fatigue development?&#8221; by Niels Brouwer (Amsterdam, The Netherlands)<\/li>\n\t<li>&#8220;Can multi-body spine models predict muscle antagonism? A methodological and validation study&#8221; by Alice Caimi (Zurich, Switzerland)<\/li>\n\t<li>&#8220;The assessment of paraspinal muscle epimuscular fat in participants with and without low back pain: A case-control study&#8221; by Maryse Fortin (Montr\u00e9al, Canada)<\/li>\n<\/ul>\n<\/div><\/div><\/div><\/div>\n<p><a class=\"feedback_imagelink\" href=\"https:\/\/workshop.spine-biomechanics.com\/2023\/wp-content\/uploads\/sites\/5\/2023\/07\/jwi_spine-biomechanics_workshop2023_program-and-abstract-book.pdf\" target=\"_blank\" rel=\"noopener noreferrer\"><img loading=\"lazy\" decoding=\"async\" class=\"alignnone wp-image-912\" src=\"https:\/\/workshop.spine-biomechanics.com\/2023\/wp-content\/uploads\/sites\/5\/2023\/07\/jwi_spine-biomechanics_workshop2023_program-and-abstract-book.png\" alt=\"Download \"Workshop 2023: Program &amp; Abstract Book\u201d (5 Mb)\" width=\"247\" height=\"350\"><\/a><\/p>\n<\/div>\n<h4><strong><a href=\"https:\/\/workshop.spine-biomechanics.com\/2023\/wp-content\/uploads\/sites\/5\/2023\/07\/jwi_spine-biomechanics_workshop2023_program-and-abstract-book.pdf\" target=\"_blank\" rel=\"noopener noreferrer\" data-wplink-url-error=\"true\">Download \"Workshop 2023: Program &amp; Abstract Book\"<\/a><\/strong> (5 Mb)<\/h4>\n","protected":false},"excerpt":{"rendered":"4th Workshop 2023 topics Download &#8220;Workshop 2023: Program &amp; Abstract Book&#8221; (5 Mb)","protected":false},"author":3,"featured_media":0,"parent":0,"menu_order":0,"comment_status":"closed","ping_status":"closed","template":"","meta":{"ngg_post_thumbnail":0,"footnotes":""},"class_list":["post-3057","page","type-page","status-publish","hentry"],"_links":{"self":[{"href":"https:\/\/workshop.spine-biomechanics.com\/2023\/wp-json\/wp\/v2\/pages\/3057"}],"collection":[{"href":"https:\/\/workshop.spine-biomechanics.com\/2023\/wp-json\/wp\/v2\/pages"}],"about":[{"href":"https:\/\/workshop.spine-biomechanics.com\/2023\/wp-json\/wp\/v2\/types\/page"}],"author":[{"embeddable":true,"href":"https:\/\/workshop.spine-biomechanics.com\/2023\/wp-json\/wp\/v2\/users\/3"}],"replies":[{"embeddable":true,"href":"https:\/\/workshop.spine-biomechanics.com\/2023\/wp-json\/wp\/v2\/comments?post=3057"}],"version-history":[{"count":9,"href":"https:\/\/workshop.spine-biomechanics.com\/2023\/wp-json\/wp\/v2\/pages\/3057\/revisions"}],"predecessor-version":[{"id":4132,"href":"https:\/\/workshop.spine-biomechanics.com\/2023\/wp-json\/wp\/v2\/pages\/3057\/revisions\/4132"}],"wp:attachment":[{"href":"https:\/\/workshop.spine-biomechanics.com\/2023\/wp-json\/wp\/v2\/media?parent=3057"}],"curies":[{"name":"wp","href":"https:\/\/api.w.org\/{rel}","templated":true}]}}