{"id":1692,"date":"2018-12-02T22:42:37","date_gmt":"2018-12-02T21:42:37","guid":{"rendered":"http:\/\/jwi.local\/2019\/?page_id=1692"},"modified":"2024-11-05T11:08:31","modified_gmt":"2024-11-05T10:08:31","slug":"program","status":"publish","type":"page","link":"https:\/\/workshop.spine-biomechanics.com\/2019\/program\/","title":{"rendered":"Program"},"content":{"rendered":"\n<h1>3<sup>rd<\/sup> Workshop 2019 topics<\/h1>\n\n<div class=\"su-row\"><div class=\"su-column su-column-size-3-4\"><div class=\"su-column-inner su-u-clearfix su-u-trim\">\n<div class=\"su-spoiler su-spoiler-style-default su-spoiler-icon-plus su-spoiler-closed\" data-anchor=\"session-1\" data-scroll-offset=\"0\" data-anchor-in-url=\"no\"><div class=\"su-spoiler-title\" tabindex=\"0\" role=\"button\"><span class=\"su-spoiler-icon\"><\/span>Session 1: Intervertebral Disc \u2013 Tissue Mechanics<\/div><div class=\"su-spoiler-content su-u-clearfix su-u-trim\">\n<h4>Moderators: Peter-Paul Vergroesen, Grace O\u2019Connell<\/h4>\n<ul>\n\t<li>&#8220;Time Dependent Behavior of Pressure and Height of a Loaded Intervertebral Disc are Inconsistent&#8221; by Kaj Emanuel (Amsterdam, The Netherlands)<\/li>\n\t<li>&#8220;Annulus Fibrosus Hydration Affects Rate-Dependent Failure Mechanics in Tension&#8221; by Grace O\u2019Connell (Berkeley, USA)<\/li>\n\t<li>&#8220;On the Modeling of Human Disc Annulus Fibrosus: Elastic, Yield and Failure Responses&#8221; by Farshid Ghezelbash (Montr\u00e9al, Canada)<\/li>\n\t<li>&#8220;In-Vitro Perspective into Micro-structural Degeneration of the Intervertebral Disc: a Biomechanical Approach&#8221; by David Rivera Tapia (Exeter, UK)<\/li>\n\t<li>&#8220;Collagen Fiber Bundles Disintegration during Pullout from the Endplate&#8221; by Magdalena Wojtk\u00f3w (Wroc\u0142aw, Poland)<\/li>\n\t<li>&#8220;Voltage-Gated Ion Channels in Intervertebral Disc Mechanotransduction&#8221; by Philip Poillot (Limerick, Ireland)<\/li>\n\t<li>&#8220;Internal Deformations in Human Intervertebral Discs: a 9.4T MRI Study&#8221; by Nicolas Newell (London, UK)<\/li>\n<\/ul>\n<\/div><\/div>\n\n<div class=\"su-spoiler su-spoiler-style-default su-spoiler-icon-plus su-spoiler-closed\" data-anchor=\"session-2\" data-scroll-offset=\"0\" data-anchor-in-url=\"no\"><div class=\"su-spoiler-title\" tabindex=\"0\" role=\"button\"><span class=\"su-spoiler-icon\"><\/span>Session 2: Debate on Mechanical Load \u2013 Injury\/Degeneration\/Pain<\/div><div class=\"su-spoiler-content su-u-clearfix su-u-trim\">\n<h4>Moderators: Saeed Shirazi-Adl, Hendrik Schmidt<\/h4>\n<ul>\n\t<li>&#8220;Opening Presentation: Low Back Pain Paradox&#8221; by Saeed Shirazi-Adl (Montr\u00e9al, Canada)<\/li>\n\t<li>&#8220;Intervertebral Disc Degeneration from a Biomechanical Point of View: What do we need to fix?&#8221; by Peter-Paul Vergroesen (Amsterdam, The Netherlands)<\/li>\n\t<li>&#8220;Spine Postures, Physical Exposure, and Back Pain: a Systematic Review of Systematic Reviews&#8221; by Daniel Belavy (Burwood, Australia)<\/li>\n\t<li>&#8220;Interactions between Genetics and Loading in Development of Disc Degeneration and Low Back Pain \u2013 a Review&#8221; by Jill Urban (Oxford, UK)<\/li>\n<\/ul>\n<\/div><\/div>\n\n<div class=\"su-spoiler su-spoiler-style-default su-spoiler-icon-plus su-spoiler-closed\" data-anchor=\"session-3\" data-scroll-offset=\"0\" data-anchor-in-url=\"no\"><div class=\"su-spoiler-title\" tabindex=\"0\" role=\"button\"><span class=\"su-spoiler-icon\"><\/span>Session 3: Motion Segments: Load Sharing<\/div><div class=\"su-spoiler-content su-u-clearfix su-u-trim\">\n<h4>Moderators: Babak Bazrgari, William Anderst<\/h4>\n<ul>\n\t<li>&#8220;Review of Load-sharing in Intact, Transected, Degenerate and Surgically Altered Passive Human Lumbar Spines&#8221; by Marwan El-Rich (Abu Dhabi, UAE)<\/li>\n\t<li>&#8220;Relationship between Intervertebral Disc and Facet Joint Degeneration: a Probabilistic Finite Element Model Study&#8221; by Maxim Bashkuev (Berlin, Germany)<\/li>\n\t<li>&#8220;Lumbar Spinal Ligament Characteristics extracted from Stepwise Reduction Experiments allow for Precise Modeling&#8221; by Nicolas Damm (Koblenz, Germany)<\/li>\n\t<li>&#8220;Detailed Full-filed Analysis of the Ventral Lumbar Spine: Insights on the Biomechanical Role of the Anterior Longitudinal Ligament&#8221; by Luigi La Barbera (Montr\u00e9al, Canada)<\/li>\n\t<li>&#8220;Effects of Lumbar Lordosis on Mechanical Response of Post-operative Lumbar Spine \u2013 Personalized Parametric Finite Element Simulations&#8221; by Mohammad Nikkhoo (Tehran, Iran)<\/li>\n\t<li>&#8220;Biomechanical Properties in Motion of Lumbar Spines with Degenerative Scoliosis&#8221; by Idsart Kingma (Amsterdam, The Netherlands)<\/li>\n<\/ul>\n<\/div><\/div>\n\n<div class=\"su-spoiler su-spoiler-style-default su-spoiler-icon-plus su-spoiler-closed\" data-anchor=\"session-4\" data-scroll-offset=\"0\" data-anchor-in-url=\"no\"><div class=\"su-spoiler-title\" tabindex=\"0\" role=\"button\"><span class=\"su-spoiler-icon\"><\/span>Session 4: Lumbar Spine I: Shape and Kinematics<\/div><div class=\"su-spoiler-content su-u-clearfix su-u-trim\">\n<h4>Moderators: Andr\u00e9 Plamondon, William Marras<\/h4>\n<ul>\n\t<li>&#8220;Review Article on Spine Kinematics of Quadrupeds and Bipeds&#8221; by Sandra Reitmaier (Berlin, Germany)<\/li>\n\t<li>&#8220;Dynamic Interactions between Lumbar Intervertebral Motion Segments during Forward Bending&#8221; by Alexander Breen (Bournemouth, UK)<\/li>\n\t<li>&#8220;Sex-dependent Difference in Lumbo-Pelvic Coordination for Different Lifting Tasks&#8221; by Fumin Pan (Berlin, Germany)<\/li>\n\t<li>&#8220;A Novel Model and Experimental Validation Demonstrate the Large Contribution of Passive Muscle to Spine Flexion Relaxation&#8221; by Stephen Brown (Guelph, Canada)<\/li>\n\t<li>&#8220;Calculating the Three-dimensional Vertebral Orientation from a Planar Radiograph: is it feasible?&#8221; by Fabio Galbusera (Milan, Italy)<\/li>\n\t<li>&#8220;Which Landmark is Best Suited to Assess the Thoracic Orientation?&#8221; by Thomas Zander (Berlin, Germany)<\/li>\n<\/ul>\n<\/div><\/div>\n\n<div class=\"su-spoiler su-spoiler-style-default su-spoiler-icon-plus su-spoiler-closed\" data-anchor=\"session-5\" data-scroll-offset=\"0\" data-anchor-in-url=\"no\"><div class=\"su-spoiler-title\" tabindex=\"0\" role=\"button\"><span class=\"su-spoiler-icon\"><\/span>Session 5: Lumbar Spine II: Loads and Kinematics \u2013 Injury\/Degeneration\/Pain<\/div><div class=\"su-spoiler-content su-u-clearfix su-u-trim\">\n<h4>Moderators: Navid Arjmand, Daniel Belavy<\/h4>\n<ul>\n\t<li>&#8220;In-Vivo Hip and Lumbar Spine Implant Loads during Activities in Forward Bent Postures&#8221; by Philipp Damm (Berlin, Germany)<\/li>\n\t<li>&#8220;Bottom-up Versus Top-down L5\/S1 Moment Estimation during Manual Lifting using an Ambulatory Measurement System&#8221; by Gert Faber (Amsterdam, The Netherlands)<\/li>\n\t<li>&#8220;A Prospective Study of Lumbo-pelvic Coordination in Patients with Non-chronic Low Back Pain&#8221; by Babak Bazrgari (Lexington, USA)<\/li>\n\t<li>&#8220;Patient-Specific Changes in Adjacent Segment Kinematics after Lumbar Decompression and Fusion&#8221; by William Anderst (Pittsburgh, USA)<\/li>\n\t<li>&#8220;The Impact of Curve Severity on the Pelvic Kinematic and Erector Spinae and Gluteusmedius Muscles Activity during Gait in Patients with Adolescent Idiopathic Scoliosis&#8221; by Shirin Yazdani (Tabriz, Iran)<\/li>\n\t<li>&#8220;Automatic Generation of Patient-Specific FE Models of the Lumbar Spine&#8221; by Sebastiano Caprara (Zurich, Switzerland)<\/li>\n<\/ul>\n<\/div><\/div>\n\n<div class=\"su-spoiler su-spoiler-style-default su-spoiler-icon-plus su-spoiler-closed\" data-anchor=\"session-6\" data-scroll-offset=\"0\" data-anchor-in-url=\"no\"><div class=\"su-spoiler-title\" tabindex=\"0\" role=\"button\"><span class=\"su-spoiler-icon\"><\/span>Session 6: Spinal Loads \u2013 In-Vivo Measurements and Modeling<\/div><div class=\"su-spoiler-content su-u-clearfix su-u-trim\">\n<h4>Moderators: Idsart Kingma, Ameet Aiyangar<\/h4>\n<ul>\n\t<li>&#8220;Effect of a Passive Exoskeleton on Mechanical Loading during Dynamic Lifting&#8221; by Axel Koopman (Heemskerk, The Netherlands)<\/li>\n\t<li>&#8220;Sex-Dependent Estimation of Spinal Loads during Static Manual Material Handling Activities- combined In Vivo and In Silico Analyses&#8221; by Ali Firouzabadi (Berlin, Germany)<\/li>\n\t<li>&#8220;Subject-specific Regression Equations to Estimate Spinal Loads in Asymmetric Static Lifting&#8221; by Andr\u00e9 Plamondon (Montr\u00e9al, Canada)<\/li>\n\t<li>&#8220;Sensitivity of Musculoskeletal Model-based Lumbar Spinal Loading Estimates to Type of Kinematic Input and Passive Stiffness Properties&#8221; by Ameet Aiyangar (Duebendorf, Switzerland)<\/li>\n\t<li>&#8220;Assessment of Spine Loading via a 2 Muscle Model vs. 10 Muscle Model during One vs. Two Handed Lifting Tasks&#8221; by William Marras (Powell, USA)<\/li>\n\t<li>&#8220;Estimating Lumbar Passive Stiffness Behaviour from Subject-specific Finite Element Models and In Vivo 6DOF Kinematics&#8221; by Ameet Aiyangar (Duebendorf, Switzerland)<\/li>\n<\/ul>\n<\/div><\/div>\n\n<div class=\"su-spoiler su-spoiler-style-default su-spoiler-icon-plus su-spoiler-closed\" data-anchor=\"session-7\" data-scroll-offset=\"0\" data-anchor-in-url=\"no\"><div class=\"su-spoiler-title\" tabindex=\"0\" role=\"button\"><span class=\"su-spoiler-icon\"><\/span>Session 7: Spinal Loads \u2013 Computational Models<\/div><div class=\"su-spoiler-content su-u-clearfix su-u-trim\">\n<h4>Moderators: Dominika Ignasiak, Fabio Galbusera<\/h4>\n<ul>\n\t<li>&#8220;A Novel Method for Prediction of Postoperative Global Sagittal Alignment based on Full-Body Musculoskeletal Modeling and Posture Optimization&#8221; by Dominika Ignasiak (San Diego, USA)<\/li>\n\t<li>&#8220;Predicting Intervertebral Disc Loading and Trunk Muscle Activity in Healthy Adolescents using Musculoskeletal Full-Body Models&#8221; by Stefan Schmid (Boston, USA)<\/li>\n\t<li>&#8220;Coupled Artificial Neural Networks to Predict Whole Body Posture, Lumbosacral Moments, Trunk Muscle Forces, and Lumbar Disc Loads during Three-dimensional Material Handling Activities&#8221; by Navid Arjmand (Tehran, Iran)<\/li>\n\t<li>&#8220;Influence of Seat Parameters on Computationally Predicted Spine Loading&#8221; by Xuguang Wang (Bron, France)<\/li>\n\t<li>&#8220;Statistical Shape Model Predicted Alignments and Musculoskeletal Simulation in Surgical Planning&#8221; by Jess Snedeker (Zurich, Switzerland)<\/li>\n<\/ul>\n<\/div><\/div>\n\n<div class=\"su-spoiler su-spoiler-style-default su-spoiler-icon-plus su-spoiler-closed\" data-anchor=\"session-8\" data-scroll-offset=\"0\" data-anchor-in-url=\"no\"><div class=\"su-spoiler-title\" tabindex=\"0\" role=\"button\"><span class=\"su-spoiler-icon\"><\/span>Session 8: Trunk Stabilization and Control<\/div><div class=\"su-spoiler-content su-u-clearfix su-u-trim\">\n<h4>Moderators: Jaap van Die\u00ebn, Christian Larivi\u00e8re<\/h4>\n<ul>\n\t<li>&#8220;Trunk Stabilization in Patients with Low-back Pain and Healthy Controls&#8221; by Jaap van Die\u00ebn (Amsterdam, The Netherlands)<\/li>\n\t<li>&#8220;Indication of Diagnostic Criteria for Proprioception Disorders between Non-specific Low Back Pain Patients and Healthy People based on Analysis of Linear and Nonlinear Parameters of Center of Pressure and Trunk Stability&#8221; by Mohamad Parnianpour (Tehran, Iran)<\/li>\n\t<li>&#8220;Sudden Gait Perturbations elicit Sex-specific Neuromuscular Trunk Responses in Persons with Low Back Pain&#8221; by Juliane Mueller (Trier, Germany)<\/li>\n\t<li>&#8220;Can Trunk Postural Control During Unstable Sitting be considered a Proxy Measure of Dynamic Lumbar Stability?&#8221; by Christian Larivi\u00e8re (Montr\u00e9al, Canada)<\/li>\n\t<li>&#8220;Biomechanics of Intra-Abdominal Pressure in Spine Stiffening and Loading &#8211; A Systematic Review of In Vivo and Modeling Studies&#8221; by Navid Arjmand (Tehran, Iran)<\/li>\n\t<li>&#8220;Real-time Feedback to Reduce Lower Back Moment while Lifting a Box: a Proof-Of-Concept-Study&#8221; by Michiel Punt (Amsterdam, The Netherlands)<\/li>\n\t<li>&#8220;Reducing the Number of Input Variables Required to Control an Active Exoskeleton&#8221; by Ali Tabasi (Amsterdam, The Netherlands)<\/li>\n<\/ul>\n<\/div><\/div>\n\n<div class=\"su-spoiler su-spoiler-style-default su-spoiler-icon-plus su-spoiler-closed\" data-anchor=\"session-poster\" data-scroll-offset=\"0\" data-anchor-in-url=\"no\"><div class=\"su-spoiler-title\" tabindex=\"0\" role=\"button\"><span class=\"su-spoiler-icon\"><\/span>Poster Session<\/div><div class=\"su-spoiler-content su-u-clearfix su-u-trim\">\n<ul>\n\t<li>&#8220;Influence of the Facet Joints on the Mechanical Behaviour of the Intervertebral Disc: the Numerical and Experimental Analysis&#8221; by Ma\u0142gorzata \u017bak (Wroc\u0142aw, Poland)<\/li>\n\t<li>&#8220;Beyond Preload &#8211; The Replication of Six-axis In-Vivo Load Data using a Spine Simulator&#8221; by Timothy Holsgrove (Exeter, UK)<\/li>\n\t<li>&#8220;Two-level Fusion Versus Topping-off Technology based on Coflex in the Treatment of Lumber Degenerative Disease: a Biomechanical Effect Comparison&#8221; by Xiang-Yao Sun (Beijing, China)<\/li>\n\t<li>&#8220;Sublaminar Tape as Alternative and Addition to Pedicle Screws in Spinal Surgery&#8221; by Remco Doodkorte (Maastricht, The Netherlands)<\/li>\n\t<li>&#8220;Effects of the Nucleus Migration during Forward Flexion on the Biomechanics of the L4-5 Functional Spinal Unit&#8221; by Marwan El-Rich (Abu Dhabi, UAE)<\/li>\n\t<li>&#8220;Sensitivity of Musculoskeletal Model Predictions in Neutral Standing and Forward Flexion Postures to Center of Rotation Location&#8221; by Marwan El-Rich (Abu Dhabi, UAE)<\/li>\n\t<li>&#8220;A new Method for Validation of an Individual Forward Dynamics Model of the Lumbar Spine&#8221; by Nicolas Damm (Koblenz, Germany)<\/li>\n\t<li>&#8220;Single Rigid Segment versus Multi-segmental Approach for the Analysis of the Lumbar Spine in Low Back Pain&#8221; by Enrica Papi (London, UK)<\/li>\n\t<li>&#8220;The Workload on One&#8217;s Low Back during Dishwashing&#8221; by Han Zhang (Shanghai, China)<\/li>\n\t<li>&#8220;Smart Rotational Spine Protector (RSP) for Sport and Rehabilitation&#8221; by Dietmar Rafolt (Vienna, Austria)<\/li>\n\t<li>&#8220;Biomechanical Evaluation of PEEK Semi-Rigid Fixation Subject to Static and Cyclic Loading&#8221; by Kinda Khalaf (Abu Dhabi, UAE)<\/li>\n\t<li>&#8220;Using SHARIF-HMIS Inertial Sensor for Measurement and Comparison of Kinematic Parameters in 3 Subgroups of STarT Back Screening Tool in Patients with Nonspecific Low Back Pain&#8221; by Mohamad Parnianpour (Tehran, Iran)<\/li>\n\t<li>&#8220;Risk for Fatigue-related Degeneration of the L5-S1 Disc among Persons with vs. without Unilateral Lower Limb Amputation&#8221; by Babak Bazrgari (Lexington, USA)<\/li>\n<\/ul>\n<\/div><\/div>\n<\/div><\/div>\n<p><a class=\"feedback_imagelink\" href=\"https:\/\/workshop.spine-biomechanics.com\/2019\/wp-content\/uploads\/sites\/4\/2019\/09\/jwi_spine-biomechanics_workshop2019_program-and-abstract-book.pdf\" target=\"_blank\" rel=\"noopener noreferrer\"><img loading=\"lazy\" decoding=\"async\" class=\"alignnone wp-image-912\" src=\"https:\/\/workshop.spine-biomechanics.com\/2019\/wp-content\/uploads\/sites\/4\/2019\/09\/jwi_spine-biomechanics_workshop2019_program-and-abstract-book.jpg\" alt=\"Download \u201cWorkshop 2019: Program &amp; Abstract Book\u201d (14.7 Mb)\" width=\"247\" height=\"350\"><\/a><\/p>\n<\/div>\n<h4><strong><a href=\"https:\/\/workshop.spine-biomechanics.com\/2019\/wp-content\/uploads\/sites\/4\/2019\/09\/jwi_spine-biomechanics_workshop2019_program-and-abstract-book.pdf\" target=\"_blank\" rel=\"noopener noreferrer\" data-wplink-url-error=\"true\">Download &#8220;Workshop 2019: Program &amp; Abstract Book&#8221;<\/a><\/strong> (14.7 Mb)<\/h4>\n","protected":false},"excerpt":{"rendered":"3rd Workshop 2019 topics Download &#8220;Workshop 2019: Program &amp; Abstract Book&#8221; (14.7 Mb)","protected":false},"author":3,"featured_media":0,"parent":0,"menu_order":0,"comment_status":"closed","ping_status":"closed","template":"","meta":{"ngg_post_thumbnail":0,"footnotes":""},"class_list":["post-1692","page","type-page","status-publish","hentry"],"_links":{"self":[{"href":"https:\/\/workshop.spine-biomechanics.com\/2019\/wp-json\/wp\/v2\/pages\/1692"}],"collection":[{"href":"https:\/\/workshop.spine-biomechanics.com\/2019\/wp-json\/wp\/v2\/pages"}],"about":[{"href":"https:\/\/workshop.spine-biomechanics.com\/2019\/wp-json\/wp\/v2\/types\/page"}],"author":[{"embeddable":true,"href":"https:\/\/workshop.spine-biomechanics.com\/2019\/wp-json\/wp\/v2\/users\/3"}],"replies":[{"embeddable":true,"href":"https:\/\/workshop.spine-biomechanics.com\/2019\/wp-json\/wp\/v2\/comments?post=1692"}],"version-history":[{"count":35,"href":"https:\/\/workshop.spine-biomechanics.com\/2019\/wp-json\/wp\/v2\/pages\/1692\/revisions"}],"predecessor-version":[{"id":2706,"href":"https:\/\/workshop.spine-biomechanics.com\/2019\/wp-json\/wp\/v2\/pages\/1692\/revisions\/2706"}],"wp:attachment":[{"href":"https:\/\/workshop.spine-biomechanics.com\/2019\/wp-json\/wp\/v2\/media?parent=1692"}],"curies":[{"name":"wp","href":"https:\/\/api.w.org\/{rel}","templated":true}]}}