{"id":809,"date":"2016-01-23T20:39:52","date_gmt":"2016-01-23T19:39:52","guid":{"rendered":"http:\/\/jwi.local\/?page_id=809"},"modified":"2024-11-05T10:51:53","modified_gmt":"2024-11-05T09:51:53","slug":"team","status":"publish","type":"page","link":"https:\/\/workshop.spine-biomechanics.com\/2015\/team\/","title":{"rendered":"Team"},"content":{"rendered":"<h1 style=\"text-align: center;\">Spine Biomechanics Team at the Julius Wolff Institute of the Charit\u00e9 &#8211; Berlin<\/h1>\n<p><img loading=\"lazy\" decoding=\"async\" class=\"aligncenter wp-image-814 size-full\" src=\"http:\/\/workshop.spine-biomechanics.com\/wp-content\/uploads\/sites\/2\/2016\/01\/jwi-workshop-2015-team-berlin.jpg\" alt=\"Spine Biomechanics Team at the Julius Wolff Institute of the Charit\u00e9 - Berlin\" width=\"800\" height=\"556\" srcset=\"https:\/\/workshop.spine-biomechanics.com\/2015\/wp-content\/uploads\/sites\/2\/2016\/01\/jwi-workshop-2015-team-berlin.jpg 800w, https:\/\/workshop.spine-biomechanics.com\/2015\/wp-content\/uploads\/sites\/2\/2016\/01\/jwi-workshop-2015-team-berlin-250x174.jpg 250w, https:\/\/workshop.spine-biomechanics.com\/2015\/wp-content\/uploads\/sites\/2\/2016\/01\/jwi-workshop-2015-team-berlin-768x534.jpg 768w, https:\/\/workshop.spine-biomechanics.com\/2015\/wp-content\/uploads\/sites\/2\/2016\/01\/jwi-workshop-2015-team-berlin-700x487.jpg 700w, https:\/\/workshop.spine-biomechanics.com\/2015\/wp-content\/uploads\/sites\/2\/2016\/01\/jwi-workshop-2015-team-berlin-120x83.jpg 120w\" sizes=\"(max-width: 800px) 100vw, 800px\" \/><\/p>\n<p style=\"text-align: center;\"><i><span lang=\"EN-US\">back row from left to right:<\/span><\/i><span lang=\"EN-US\"><br \/>\n<b>Thomas Zander, Marcel Dreischarf, Hung-Wei Hsu, Petra Vel\u00edskov\u00e1<\/b><\/span><\/p>\n<p style=\"text-align: center;\"><i>middle row from left to right:<\/i><br \/>\n<b>Friedmar Graichen, Lorenza Angelini, Maxim Bashkuev, Jeronimo Weerts<\/b><\/p>\n<p style=\"text-align: center;\"><i>front row from left to right:<\/i><br \/>\n<b>Esther Pries, Barbara Schiller, Hendrik Schmidt<\/b><\/p>\n","protected":false},"excerpt":{"rendered":"Spine Biomechanics Team at the Julius Wolff Institute of the Charit\u00e9 &#8211; Berlin back row from left to right: Thomas Zander, Marcel Dreischarf, Hung-Wei Hsu, Petra Vel\u00edskov\u00e1 middle row from left to right: Friedmar Graichen, Lorenza Angelini, Maxim Bashkuev, Jeronimo Weerts front row from left to right: Esther Pries, Barbara Schiller, Hendrik Schmidt","protected":false},"author":4,"featured_media":0,"parent":0,"menu_order":0,"comment_status":"closed","ping_status":"closed","template":"","meta":{"ngg_post_thumbnail":0,"footnotes":""},"class_list":["post-809","page","type-page","status-publish","hentry"],"_links":{"self":[{"href":"https:\/\/workshop.spine-biomechanics.com\/2015\/wp-json\/wp\/v2\/pages\/809"}],"collection":[{"href":"https:\/\/workshop.spine-biomechanics.com\/2015\/wp-json\/wp\/v2\/pages"}],"about":[{"href":"https:\/\/workshop.spine-biomechanics.com\/2015\/wp-json\/wp\/v2\/types\/page"}],"author":[{"embeddable":true,"href":"https:\/\/workshop.spine-biomechanics.com\/2015\/wp-json\/wp\/v2\/users\/4"}],"replies":[{"embeddable":true,"href":"https:\/\/workshop.spine-biomechanics.com\/2015\/wp-json\/wp\/v2\/comments?post=809"}],"version-history":[{"count":11,"href":"https:\/\/workshop.spine-biomechanics.com\/2015\/wp-json\/wp\/v2\/pages\/809\/revisions"}],"predecessor-version":[{"id":1134,"href":"https:\/\/workshop.spine-biomechanics.com\/2015\/wp-json\/wp\/v2\/pages\/809\/revisions\/1134"}],"wp:attachment":[{"href":"https:\/\/workshop.spine-biomechanics.com\/2015\/wp-json\/wp\/v2\/media?parent=809"}],"curies":[{"name":"wp","href":"https:\/\/api.w.org\/{rel}","templated":true}]}}